{"id":485,"date":"2025-09-06T14:41:45","date_gmt":"2025-09-06T14:41:45","guid":{"rendered":"https:\/\/esteponabuggys.com\/?page_id=485"},"modified":"2025-09-06T15:04:29","modified_gmt":"2025-09-06T15:04:29","slug":"faq","status":"publish","type":"page","link":"https:\/\/esteponabuggys.com\/?page_id=485","title":{"rendered":"FAQ"},"content":{"rendered":"\t\t<div data-elementor-type=\"wp-page\" data-elementor-id=\"485\" class=\"elementor elementor-485\" data-elementor-post-type=\"page\">\n\t\t\t\t<div class=\"elementor-element elementor-element-24d72b3 e-flex e-con-boxed e-con e-parent\" data-id=\"24d72b3\" data-element_type=\"container\" data-e-type=\"container\">\n\t\t\t\t\t<div class=\"e-con-inner\">\n\t\t\t\t<div class=\"elementor-element elementor-element-3c17b30 elementor-widget elementor-widget-image\" data-id=\"3c17b30\" data-element_type=\"widget\" data-e-type=\"widget\" data-widget_type=\"image.default\">\n\t\t\t\t\t\t\t\t\t\t\t\t\t\t\t<img fetchpriority=\"high\" decoding=\"async\" width=\"1200\" height=\"800\" src=\"https:\/\/esteponabuggys.com\/wp-content\/uploads\/2025\/08\/maverick_buggy_TRANSPARENT-1200x800.webp\" class=\"attachment-large size-large wp-image-247\" alt=\"\" srcset=\"https:\/\/esteponabuggys.com\/wp-content\/uploads\/2025\/08\/maverick_buggy_TRANSPARENT-1200x800.webp 1200w, https:\/\/esteponabuggys.com\/wp-content\/uploads\/2025\/08\/maverick_buggy_TRANSPARENT-500x333.webp 500w, https:\/\/esteponabuggys.com\/wp-content\/uploads\/2025\/08\/maverick_buggy_TRANSPARENT-300x200.webp 300w, https:\/\/esteponabuggys.com\/wp-content\/uploads\/2025\/08\/maverick_buggy_TRANSPARENT-768x512.webp 768w, https:\/\/esteponabuggys.com\/wp-content\/uploads\/2025\/08\/maverick_buggy_TRANSPARENT-113x75.webp 113w, https:\/\/esteponabuggys.com\/wp-content\/uploads\/2025\/08\/maverick_buggy_TRANSPARENT-480x320.webp 480w, https:\/\/esteponabuggys.com\/wp-content\/uploads\/2025\/08\/maverick_buggy_TRANSPARENT-800x533.webp 800w, https:\/\/esteponabuggys.com\/wp-content\/uploads\/2025\/08\/maverick_buggy_TRANSPARENT.webp 1536w\" sizes=\"(max-width:767px) 480px, (max-width:1200px) 100vw, 1200px\" \/>\t\t\t\t\t\t\t\t\t\t\t\t\t\t\t<\/div>\n\t\t\t\t\t<\/div>\n\t\t\t\t<\/div>\n\t\t<div class=\"elementor-element elementor-element-8fc8855 e-flex e-con-boxed e-con e-parent\" data-id=\"8fc8855\" data-element_type=\"container\" data-e-type=\"container\">\n\t\t\t\t\t<div class=\"e-con-inner\">\n\t\t\t\t<div class=\"elementor-element elementor-element-f496eb3 elementor-widget elementor-widget-text-editor\" data-id=\"f496eb3\" data-element_type=\"widget\" data-e-type=\"widget\" data-widget_type=\"text-editor.default\">\n\t\t\t\t\t\t\t\t\t<h3 data-start=\"59\" data-end=\"117\">Vive la \u00daltima Aventura en Buggy en la Costa del Sol<\/h3><p data-start=\"118\" data-end=\"173\">Descubre la emoci\u00f3n del off-road en Estepona y Marbella<\/p><p data-start=\"175\" data-end=\"563\">En <strong data-start=\"178\" data-end=\"197\">Estepona Buggys<\/strong>, te ofrecemos una emocionante aventura todoterreno donde puedes conducir tu propio buggy a trav\u00e9s de los impresionantes senderos de monta\u00f1a de Marbella y los rincones ocultos de la Costa del Sol. Nuestros gu\u00edas expertos te llevar\u00e1n por rutas panor\u00e1micas, mostr\u00e1ndote la belleza natural, la rica historia y la fascinante vida silvestre de Estepona y sus alrededores.<\/p>\t\t\t\t\t\t\t\t<\/div>\n\t\t\t\t\t<\/div>\n\t\t\t\t<\/div>\n\t\t<div class=\"elementor-element elementor-element-6e82d32 e-flex e-con-boxed e-con e-parent\" data-id=\"6e82d32\" data-element_type=\"container\" data-e-type=\"container\">\n\t\t\t\t\t<div class=\"e-con-inner\">\n\t\t\t\t<div class=\"elementor-element elementor-element-747d6be elementor-widget elementor-widget-mfn_faq\" data-id=\"747d6be\" data-element_type=\"widget\" data-e-type=\"widget\" data-widget_type=\"mfn_faq.default\">\n\t\t\t\t<div class=\"elementor-widget-container\">\n\t\t\t\t\t<div class=\"faq\"><h4 class=\"heading \">Preguntas Frecuentes<\/h4><div class=\"mfn-acc faq_wrapper \"><div class=\"question\" tabindex=\"0\" role=\"button\"><div class=\"title\"><span class=\"num\">1<\/span><i class=\"icon-plus acc-icon-plus\" aria-hidden=\"true\"><\/i><i class=\"icon-minus acc-icon-minus\" aria-hidden=\"true\"><\/i>Seguridad ante todo: Diversi\u00f3n para todas las edades y niveles<\/div><div class=\"answer\"><p>\u00bfTe preocupa la seguridad? No te preocupes, un tour con Estepona Buggys est\u00e1 dise\u00f1ado para ser seguro y divertido para todos, sin importar la edad o la condici\u00f3n f\u00edsica. Nuestros buggies est\u00e1n especialmente preparados para terrenos dif\u00edciles, con suspensi\u00f3n avanzada y ruedas que superan cualquier reto off-road. Solo necesitas una licencia de conducir v\u00e1lida y estar\u00e1s listo para explorar las monta\u00f1as de Andaluc\u00eda en una experiencia inolvidable.<\/p><\/div><\/div>\n<div class=\"question\" tabindex=\"0\" role=\"button\"><div class=\"title\"><span class=\"num\">2<\/span><i class=\"icon-plus acc-icon-plus\" aria-hidden=\"true\"><\/i><i class=\"icon-minus acc-icon-minus\" aria-hidden=\"true\"><\/i>Ideal para principiantes: No necesitas experiencia previa<\/div><div class=\"answer\"><p>\u00bfNunca has conducido un buggy? \u00a1No hay problema! Si sabes conducir un coche, puedes manejar un buggy con facilidad. Ofrecemos una introducci\u00f3n completa para principiantes, asegur\u00e1ndonos de que te sientas c\u00f3modo antes de comenzar la ruta. Siente la emoci\u00f3n de estar cerca del suelo y del camino abierto, donde la sensaci\u00f3n de velocidad y la posibilidad de avistar fauna hacen de esta experiencia algo \u00fanico. Nuestros buggies est\u00e1n dise\u00f1ados para la aventura off-road, brind\u00e1ndote la confianza para disfrutar el recorrido.<\/p><\/div><\/div>\n<div class=\"question\" tabindex=\"0\" role=\"button\"><div class=\"title\"><span class=\"num\">3<\/span><i class=\"icon-plus acc-icon-plus\" aria-hidden=\"true\"><\/i><i class=\"icon-minus acc-icon-minus\" aria-hidden=\"true\"><\/i>Gu\u00edas expertos para una aventura inolvidable<\/div><div class=\"answer\"><p>Tu seguridad y disfrute son nuestras principales prioridades. Nuestros tours son guiados por un profesional con m\u00e1s de 10 a\u00f1os de experiencia en conducci\u00f3n de buggies. No importa el terreno\u2014ya sea barro, piedras o caminos irregulares\u2014nuestro gu\u00eda garantizar\u00e1 una aventura segura y divertida. Cada buggy es de 2 plazas, ofreciendo estilo y comodidad, para que puedas compartir esta incre\u00edble experiencia con un amigo o familiar.<\/p><\/div><\/div>\n<div class=\"question\" tabindex=\"0\" role=\"button\"><div class=\"title\"><span class=\"num\">4<\/span><i class=\"icon-plus acc-icon-plus\" aria-hidden=\"true\"><\/i><i class=\"icon-minus acc-icon-minus\" aria-hidden=\"true\"><\/i>Esc\u00e1pate de las multitudes: Explora los senderos ocultos de Estepona y Marbella<\/div><div class=\"answer\"><p>\u00bfQuieres escapar del bullicio de la ciudad? Reserva un tour con Estepona Buggys y ad\u00e9ntrate en caminos poco transitados. Descubre la belleza salvaje de las zonas interiores de Estepona y Marbella, donde te esperan senderos polvorientos y vistas impresionantes. Vive la emoci\u00f3n del off-road mientras disfrutas de paisajes panor\u00e1micos, incluyendo vistas de la costa norte de \u00c1frica desde Gibraltar. Ya sea cruzando terrenos rocosos o salpicando charcos, todo se trata de diversi\u00f3n y aventura.<\/p><\/div><\/div>\n<div class=\"question\" tabindex=\"0\" role=\"button\"><div class=\"title\"><span class=\"num\">5<\/span><i class=\"icon-plus acc-icon-plus\" aria-hidden=\"true\"><\/i><i class=\"icon-minus acc-icon-minus\" aria-hidden=\"true\"><\/i>Abiertos los 365 d\u00edas del a\u00f1o: La aventura te espera en cualquier temporada<\/div><div class=\"answer\"><p><strong data-start=\"2814\" data-end=\"2833\">Estepona Buggys<\/strong> est\u00e1 abierto todo el a\u00f1o, ofreciendo tours para cada estaci\u00f3n. Disfruta los senderos polvorientos en verano o atr\u00e9vete con los caminos mojados y embarrados en otras \u00e9pocas del a\u00f1o\u2014\u00a1todo es parte de la aventura! Proveemos gafas de protecci\u00f3n para todos los conductores y acompa\u00f1antes, garantizando seguridad ante cualquier piedra levantada. Cada tour est\u00e1 cuidadosamente programado para que vivas la mejor experiencia.<\/p><\/div><\/div>\n<div class=\"question\" tabindex=\"0\" role=\"button\"><div class=\"title\"><span class=\"num\">6<\/span><i class=\"icon-plus acc-icon-plus\" aria-hidden=\"true\"><\/i><i class=\"icon-minus acc-icon-minus\" aria-hidden=\"true\"><\/i>Totalmente autorizados y listos para la aventura<\/div><div class=\"answer\"><p>Somos una empresa completamente autorizada y todos nuestros buggies son autom\u00e1ticos, biplaza y legales para circular por carretera, adem\u00e1s de ser f\u00e1ciles de conducir. Ya sea que elijas nuestro tour de 2 horas por la monta\u00f1a o el tour de 90 minutos, te garantizamos una experiencia inolvidable.<\/p><\/div><\/div>\n<div class=\"question\" tabindex=\"0\" role=\"button\"><div class=\"title\"><span class=\"num\">7<\/span><i class=\"icon-plus acc-icon-plus\" aria-hidden=\"true\"><\/i><i class=\"icon-minus acc-icon-minus\" aria-hidden=\"true\"><\/i>Punto de salida<\/div><div class=\"answer\"><p>Esquina de Camino de Montesol y Calle del Buho<\/p><\/div><\/div>\n<div class=\"question\" tabindex=\"0\" role=\"button\"><div class=\"title\"><span class=\"num\">8<\/span><i class=\"icon-plus acc-icon-plus\" aria-hidden=\"true\"><\/i><i class=\"icon-minus acc-icon-minus\" aria-hidden=\"true\"><\/i>N\u00famero de licencia<\/div><div class=\"answer\"><p>Junta de Andaluc\u00eda RTA: AT\/MA\/00386<\/p><\/div><\/div>\n<\/div><\/div>\n\t\t\t\t<\/div>\n\t\t\t\t<\/div>\n\t\t\t\t\t<\/div>\n\t\t\t\t<\/div>\n\t\t\t\t<\/div>\n\t\t","protected":false},"excerpt":{"rendered":"<p>Vive la \u00daltima Aventura en Buggy en la Costa del Sol Descubre la emoci\u00f3n del off-road en Estepona y Marbella En Estepona Buggys, te ofrecemos una<span class=\"excerpt-hellip\"> [\u2026]<\/span><\/p>\n","protected":false},"author":2,"featured_media":0,"parent":0,"menu_order":0,"comment_status":"closed","ping_status":"closed","template":"","meta":{"_joinchat":[],"footnotes":""},"class_list":["post-485","page","type-page","status-publish","hentry"],"_links":{"self":[{"href":"https:\/\/esteponabuggys.com\/index.php?rest_route=\/wp\/v2\/pages\/485","targetHints":{"allow":["GET"]}}],"collection":[{"href":"https:\/\/esteponabuggys.com\/index.php?rest_route=\/wp\/v2\/pages"}],"about":[{"href":"https:\/\/esteponabuggys.com\/index.php?rest_route=\/wp\/v2\/types\/page"}],"author":[{"embeddable":true,"href":"https:\/\/esteponabuggys.com\/index.php?rest_route=\/wp\/v2\/users\/2"}],"replies":[{"embeddable":true,"href":"https:\/\/esteponabuggys.com\/index.php?rest_route=%2Fwp%2Fv2%2Fcomments&post=485"}],"version-history":[{"count":7,"href":"https:\/\/esteponabuggys.com\/index.php?rest_route=\/wp\/v2\/pages\/485\/revisions"}],"predecessor-version":[{"id":493,"href":"https:\/\/esteponabuggys.com\/index.php?rest_route=\/wp\/v2\/pages\/485\/revisions\/493"}],"wp:attachment":[{"href":"https:\/\/esteponabuggys.com\/index.php?rest_route=%2Fwp%2Fv2%2Fmedia&parent=485"}],"curies":[{"name":"wp","href":"https:\/\/api.w.org\/{rel}","templated":true}]}}